{"id":64,"date":"2014-07-29T16:49:57","date_gmt":"2014-07-29T16:49:57","guid":{"rendered":"http:\/\/ciamh.up.pt\/objt\/?page_id=64"},"modified":"2014-10-23T15:51:23","modified_gmt":"2014-10-23T15:51:23","slug":"sobre-o-projeto","status":"publish","type":"page","link":"https:\/\/ciamh.up.pt\/objt\/sobre-o-projeto\/","title":{"rendered":"Sobre o Projeto"},"content":{"rendered":"<p>O projeto OBJT tem como objetivo a investiga\u00e7\u00e3o cient\u00edfica em arquitetura tendo por base as obras, os projetos, os materiais e os sistemas construtivos da arquitetura com vista ao desenvolvimento e \u00e0 produ\u00e7\u00e3o de conte\u00fados para o desenvolvimento disciplinar da arquitetura. Procurando agregar e arquivar os objetos desenvolvidos no \u00e2mbito de um projeto de arquitetura.<\/p>\n<p>A coordena\u00e7\u00e3o geral do projeto est\u00e1 a cargo do Arq. Nuno Lacerda Lopes da Universidade do Porto e insere-se dentro da linha de investiga\u00e7\u00e3o do CIAMH \u2013 Centro de Inova\u00e7\u00e3o de Arquitetura e Modos de Habitar &#8211; em estreita colabora\u00e7\u00e3o com a Unidade Curricular Constru\u00e7\u00e3o II.<\/p>\n<p>Trata-se de um trabalho de arquivo, recolha e desenvolvimento e destina-se a apoiar e a criar h\u00e1bitos de investiga\u00e7\u00e3o para os alunos de mestrado da faculdade de arquitetura da UP.<\/p>\n","protected":false},"excerpt":{"rendered":"<p>O projeto OBJT tem como objetivo a investiga\u00e7\u00e3o cient\u00edfica em arquitetura tendo por base as obras, os projetos, os materiais e os sistemas construtivos da arquitetura com vista ao desenvolvimento e \u00e0 produ\u00e7\u00e3o de conte\u00fados para o desenvolvimento disciplinar da arquitetura. Procurando agregar e arquivar os objetos desenvolvidos no \u00e2mbito de um projeto de arquitetura. [&hellip;]<\/p>\n","protected":false},"author":5,"featured_media":0,"parent":0,"menu_order":0,"comment_status":"closed","ping_status":"closed","template":"","meta":{"footnotes":""},"class_list":["post-64","page","type-page","status-publish","hentry"],"_links":{"self":[{"href":"https:\/\/ciamh.up.pt\/objt\/wp-json\/wp\/v2\/pages\/64","targetHints":{"allow":["GET"]}}],"collection":[{"href":"https:\/\/ciamh.up.pt\/objt\/wp-json\/wp\/v2\/pages"}],"about":[{"href":"https:\/\/ciamh.up.pt\/objt\/wp-json\/wp\/v2\/types\/page"}],"author":[{"embeddable":true,"href":"https:\/\/ciamh.up.pt\/objt\/wp-json\/wp\/v2\/users\/5"}],"replies":[{"embeddable":true,"href":"https:\/\/ciamh.up.pt\/objt\/wp-json\/wp\/v2\/comments?post=64"}],"version-history":[{"count":3,"href":"https:\/\/ciamh.up.pt\/objt\/wp-json\/wp\/v2\/pages\/64\/revisions"}],"predecessor-version":[{"id":214,"href":"https:\/\/ciamh.up.pt\/objt\/wp-json\/wp\/v2\/pages\/64\/revisions\/214"}],"wp:attachment":[{"href":"https:\/\/ciamh.up.pt\/objt\/wp-json\/wp\/v2\/media?parent=64"}],"curies":[{"name":"wp","href":"https:\/\/api.w.org\/{rel}","templated":true}]}}