{"id":232,"date":"2014-10-22T16:51:01","date_gmt":"2014-10-22T16:51:01","guid":{"rendered":"http:\/\/ciamh.up.pt\/doca\/?page_id=232"},"modified":"2015-11-09T10:51:02","modified_gmt":"2015-11-09T10:51:02","slug":"contactos","status":"publish","type":"page","link":"https:\/\/ciamh.up.pt\/doca\/contactos\/","title":{"rendered":"Contactos"},"content":{"rendered":"<p><strong>Coordenador do Projeto<\/strong><\/p>\n<p>Arq. Nuno Lacerda Lopes<br \/>\nnuno.lacerda@arq.up.pt<\/p>\n<p>&nbsp;<\/p>\n<p><strong>CIAMH &#8211; Centro de Inova\u00e7\u00e3o da Arquitetura e Modos de Habitar<\/strong><\/p>\n<p>Faculdade de Arquitetura da Universidade do Porto<br \/>\nVia Panor\u00e2mica<br \/>\n4150-755<br \/>\nT. (00351) 226 057 100<\/p>\n<p>geral@ciamh.up.pt<\/p>\n<p>&nbsp;<\/p>\n<p><iframe loading=\"lazy\" style=\"border: 0;\" src=\"https:\/\/www.google.com\/maps\/embed?pb=!1m18!1m12!1m3!1d3004.2706609656143!2d-8.636166000000003!3d41.15044499999998!2m3!1f0!2f0!3f0!3m2!1i1024!2i768!4f13.1!3m3!1m2!1s0xd24650cf885bb99%3A0x93e27c703c91c18!2sFaculdade+de+Arquitectura+da+Universidade+do+Porto!5e0!3m2!1spt-PT!2spt!4v1414077089679\" width=\"600\" height=\"450\" frameborder=\"0\"><\/iframe><\/p>\n","protected":false},"excerpt":{"rendered":"<p>Coordenador do Projeto Arq. Nuno Lacerda Lopes nuno.lacerda@arq.up.pt &nbsp; CIAMH &#8211; Centro de Inova\u00e7\u00e3o da Arquitetura e Modos de Habitar Faculdade de Arquitetura da Universidade do Porto Via Panor\u00e2mica 4150-755 T. (00351) 226 057 100 geral@ciamh.up.pt &nbsp;<\/p>\n","protected":false},"author":5,"featured_media":0,"parent":0,"menu_order":2,"comment_status":"closed","ping_status":"closed","template":"","meta":{"footnotes":""},"class_list":["post-232","page","type-page","status-publish","hentry"],"_links":{"self":[{"href":"https:\/\/ciamh.up.pt\/doca\/wp-json\/wp\/v2\/pages\/232","targetHints":{"allow":["GET"]}}],"collection":[{"href":"https:\/\/ciamh.up.pt\/doca\/wp-json\/wp\/v2\/pages"}],"about":[{"href":"https:\/\/ciamh.up.pt\/doca\/wp-json\/wp\/v2\/types\/page"}],"author":[{"embeddable":true,"href":"https:\/\/ciamh.up.pt\/doca\/wp-json\/wp\/v2\/users\/5"}],"replies":[{"embeddable":true,"href":"https:\/\/ciamh.up.pt\/doca\/wp-json\/wp\/v2\/comments?post=232"}],"version-history":[{"count":7,"href":"https:\/\/ciamh.up.pt\/doca\/wp-json\/wp\/v2\/pages\/232\/revisions"}],"predecessor-version":[{"id":755,"href":"https:\/\/ciamh.up.pt\/doca\/wp-json\/wp\/v2\/pages\/232\/revisions\/755"}],"wp:attachment":[{"href":"https:\/\/ciamh.up.pt\/doca\/wp-json\/wp\/v2\/media?parent=232"}],"curies":[{"name":"wp","href":"https:\/\/api.w.org\/{rel}","templated":true}]}}